{"id":250,"date":"2024-02-27T16:35:26","date_gmt":"2024-02-27T15:35:26","guid":{"rendered":"https:\/\/miralume.com\/?page_id=250"},"modified":"2024-03-02T13:54:54","modified_gmt":"2024-03-02T12:54:54","slug":"contact","status":"publish","type":"page","link":"https:\/\/miralume.com\/en\/contact\/","title":{"rendered":"Contact"},"content":{"rendered":"\t\t<div data-elementor-type=\"wp-page\" data-elementor-id=\"250\" class=\"elementor elementor-250\">\n\t\t\t\t\t\t<section class=\"elementor-section elementor-top-section elementor-element elementor-element-cb9edeb elementor-section-height-min-height elementor-reverse-mobile elementor-section-boxed elementor-section-height-default elementor-section-items-middle\" data-id=\"cb9edeb\" data-element_type=\"section\" data-settings=\"{&quot;background_background&quot;:&quot;classic&quot;}\">\n\t\t\t\t\t\t\t<div class=\"elementor-background-overlay\"><\/div>\n\t\t\t\t\t\t\t<div class=\"elementor-container elementor-column-gap-wider\">\n\t\t\t\t\t<div class=\"elementor-column elementor-col-100 elementor-top-column elementor-element elementor-element-b2daf3e\" data-id=\"b2daf3e\" data-element_type=\"column\">\n\t\t\t<div class=\"elementor-widget-wrap\">\n\t\t\t\t\t\t\t<\/div>\n\t\t<\/div>\n\t\t\t\t\t<\/div>\n\t\t<\/section>\n\t\t<div class=\"elementor-element elementor-element-be0aa5d e-flex e-con-boxed e-con e-parent\" data-id=\"be0aa5d\" data-element_type=\"container\" data-settings=\"{&quot;background_background&quot;:&quot;classic&quot;}\">\n\t\t\t\t\t<div class=\"e-con-inner\">\n\t\t<div class=\"elementor-element elementor-element-3625515 e-flex e-con-boxed e-con e-child\" data-id=\"3625515\" data-element_type=\"container\">\n\t\t\t\t\t<div class=\"e-con-inner\">\n\t\t\t\t<div class=\"elementor-element elementor-element-44cc2b9 elementor-widget elementor-widget-heading\" data-id=\"44cc2b9\" data-element_type=\"widget\" data-widget_type=\"heading.default\">\n\t\t\t\t<div class=\"elementor-widget-container\">\n\t\t\t\t\t<h3 class=\"elementor-heading-title elementor-size-default\">MIRALUME<\/h3>\t\t\t\t<\/div>\n\t\t\t\t<\/div>\n\t\t\t\t<div class=\"elementor-element elementor-element-b86bbd9 elementor-widget elementor-widget-heading\" data-id=\"b86bbd9\" data-element_type=\"widget\" data-widget_type=\"heading.default\">\n\t\t\t\t<div class=\"elementor-widget-container\">\n\t\t\t\t\t<h2 class=\"elementor-heading-title elementor-size-default\">Contact<\/h2>\t\t\t\t<\/div>\n\t\t\t\t<\/div>\n\t\t\t\t<div class=\"elementor-element elementor-element-a49b26b elementor-widget elementor-widget-text-editor\" data-id=\"a49b26b\" data-element_type=\"widget\" data-widget_type=\"text-editor.default\">\n\t\t\t\t<div class=\"elementor-widget-container\">\n\t\t\t\t\t\t\t\t\t<p>Laissez nous des avis, des commentaires sur Miralume, nos livres, notre philosophie&#8230;<\/p><p>N&rsquo;h\u00e9sitez \u00e0 nous proposer des sujets de livres, des concepts, des approches, nous serons ravis d&rsquo;\u00e9changer avec vous.<\/p>\t\t\t\t\t\t\t\t<\/div>\n\t\t\t\t<\/div>\n\t\t\t\t\t<\/div>\n\t\t\t\t<\/div>\n\t\t<div class=\"elementor-element elementor-element-35db5c5 e-flex e-con-boxed e-con e-child\" data-id=\"35db5c5\" data-element_type=\"container\">\n\t\t\t\t\t<div class=\"e-con-inner\">\n\t\t\t\t<div class=\"elementor-element elementor-element-68734df elementor-widget elementor-widget-shortcode\" data-id=\"68734df\" data-element_type=\"widget\" data-widget_type=\"shortcode.default\">\n\t\t\t\t<div class=\"elementor-widget-container\">\n\t\t\t\t\t\t\t<div class=\"elementor-shortcode\"><style id=\"wpforms-css-vars-257\">\n\t\t\t\t#wpforms-257 {\n\t\t\t\t\n\t\t\t}\n\t\t\t<\/style><div class=\"wpforms-container wpforms-container-full wpforms-render-modern\" id=\"wpforms-257\"><form id=\"wpforms-form-257\" class=\"wpforms-validate wpforms-form wpforms-ajax-form\" data-formid=\"257\" method=\"post\" enctype=\"multipart\/form-data\" action=\"\/en\/wp-json\/wp\/v2\/pages\/250\" data-token=\"e10e5b48e618d72e6cf03913cfe93673\" data-token-time=\"1776355320\"><noscript class=\"wpforms-error-noscript\">Please enable JavaScript in your browser to complete this form.<\/noscript><div id=\"wpforms-error-noscript\" style=\"display: none;\">Please enable JavaScript in your browser to complete this form.<\/div><div class=\"wpforms-field-container\"><div id=\"wpforms-257-field_0-container\" class=\"wpforms-field wpforms-field-name\" data-field-id=\"0\"><fieldset><legend class=\"wpforms-field-label\">Coordonn\u00e9es <span class=\"wpforms-required-label\" aria-hidden=\"true\">*<\/span><\/legend><div class=\"wpforms-field-row wpforms-field-large\"><div class=\"wpforms-field-row-block wpforms-first wpforms-one-half\"><input type=\"text\" id=\"wpforms-257-field_0\" class=\"wpforms-field-name-first wpforms-field-required\" name=\"wpforms[fields][0][first]\" aria-errormessage=\"wpforms-257-field_0-error\" required><label for=\"wpforms-257-field_0\" class=\"wpforms-field-sublabel after\">First<\/label><\/div><div class=\"wpforms-field-row-block wpforms-one-half\"><input type=\"text\" id=\"wpforms-257-field_0-last\" class=\"wpforms-field-name-last wpforms-field-required\" name=\"wpforms[fields][0][last]\" aria-errormessage=\"wpforms-257-field_0-last-error\" required><label for=\"wpforms-257-field_0-last\" class=\"wpforms-field-sublabel after\">Last<\/label><\/div><\/div><\/fieldset><\/div><div id=\"wpforms-257-field_1-container\" class=\"wpforms-field wpforms-field-email\" data-field-id=\"1\"><label class=\"wpforms-field-label\" for=\"wpforms-257-field_1\">E-mail <span class=\"wpforms-required-label\" aria-hidden=\"true\">*<\/span><\/label><input type=\"email\" id=\"wpforms-257-field_1\" class=\"wpforms-field-large wpforms-field-required\" name=\"wpforms[fields][1]\" spellcheck=\"false\" aria-errormessage=\"wpforms-257-field_1-error\" required><\/div><div id=\"wpforms-257-field_2-container\" class=\"wpforms-field wpforms-field-textarea\" data-field-id=\"2\"><label class=\"wpforms-field-label\" for=\"wpforms-257-field_2\">Commentaire ou message<\/label><textarea id=\"wpforms-257-field_2\" class=\"wpforms-field-medium\" name=\"wpforms[fields][2]\" aria-errormessage=\"wpforms-257-field_2-error\" ><\/textarea><\/div><\/div><!-- .wpforms-field-container --><div class=\"wpforms-submit-container\" ><input type=\"hidden\" name=\"wpforms[id]\" value=\"257\"><input type=\"hidden\" name=\"page_title\" value=\"\"><input type=\"hidden\" name=\"page_url\" value=\"https:\/\/miralume.com\/en\/wp-json\/wp\/v2\/pages\/250\"><input type=\"hidden\" name=\"url_referer\" value=\"\"><button type=\"submit\" name=\"wpforms[submit]\" id=\"wpforms-submit-257\" class=\"wpforms-submit\" data-alt-text=\"Envoi...\" data-submit-text=\"Envoyer\" aria-live=\"assertive\" value=\"wpforms-submit\">Envoyer<\/button><img decoding=\"async\" src=\"https:\/\/miralume.com\/wp-content\/plugins\/wpforms-lite\/assets\/images\/submit-spin.svg\" class=\"wpforms-submit-spinner\" style=\"display: none;\" width=\"26\" height=\"26\" alt=\"Loading\"><\/div><\/form><\/div>  <!-- .wpforms-container --><\/div>\n\t\t\t\t\t\t<\/div>\n\t\t\t\t<\/div>\n\t\t\t\t\t<\/div>\n\t\t\t\t<\/div>\n\t\t\t\t\t<\/div>\n\t\t\t\t<\/div>\n\t\t\t\t<section class=\"elementor-section elementor-top-section elementor-element elementor-element-307f717 elementor-section-boxed elementor-section-height-default elementor-section-height-default\" data-id=\"307f717\" data-element_type=\"section\">\n\t\t\t\t\t\t<div class=\"elementor-container elementor-column-gap-default\">\n\t\t\t\t\t<div class=\"elementor-column elementor-col-100 elementor-top-column elementor-element elementor-element-0854de5\" data-id=\"0854de5\" data-element_type=\"column\">\n\t\t\t<div class=\"elementor-widget-wrap\">\n\t\t\t\t\t\t\t<\/div>\n\t\t<\/div>\n\t\t\t\t\t<\/div>\n\t\t<\/section>\n\t\t\t\t<section class=\"elementor-section elementor-top-section elementor-element elementor-element-4c185649 elementor-section-boxed elementor-section-height-default elementor-section-height-default\" data-id=\"4c185649\" data-element_type=\"section\" data-settings=\"{&quot;background_background&quot;:&quot;classic&quot;}\">\n\t\t\t\t\t\t\t<div class=\"elementor-background-overlay\"><\/div>\n\t\t\t\t\t\t\t<div class=\"elementor-container elementor-column-gap-default\">\n\t\t\t\t\t<div class=\"elementor-column elementor-col-100 elementor-top-column elementor-element elementor-element-e46af90\" data-id=\"e46af90\" data-element_type=\"column\">\n\t\t\t<div class=\"elementor-widget-wrap elementor-element-populated\">\n\t\t\t\t\t\t<div class=\"elementor-element elementor-element-707acea3 elementor-widget elementor-widget-image\" data-id=\"707acea3\" data-element_type=\"widget\" data-widget_type=\"image.default\">\n\t\t\t\t<div class=\"elementor-widget-container\">\n\t\t\t\t\t\t\t\t\t\t\t\t\t\t\t<img fetchpriority=\"high\" decoding=\"async\" width=\"512\" height=\"512\" src=\"https:\/\/miralume.com\/wp-content\/uploads\/2024\/02\/right-quote-2.png\" class=\"attachment-large size-large wp-image-57\" alt=\"\" srcset=\"https:\/\/miralume.com\/wp-content\/uploads\/2024\/02\/right-quote-2.png 512w, https:\/\/miralume.com\/wp-content\/uploads\/2024\/02\/right-quote-2-300x300.png 300w, https:\/\/miralume.com\/wp-content\/uploads\/2024\/02\/right-quote-2-150x150.png 150w\" sizes=\"(max-width: 512px) 100vw, 512px\" \/>\t\t\t\t\t\t\t\t\t\t\t\t\t\t\t<\/div>\n\t\t\t\t<\/div>\n\t\t\t\t<div class=\"elementor-element elementor-element-17a45f6d elementor-widget elementor-widget-heading\" data-id=\"17a45f6d\" data-element_type=\"widget\" data-widget_type=\"heading.default\">\n\t\t\t\t<div class=\"elementor-widget-container\">\n\t\t\t\t\t<h2 class=\"elementor-heading-title elementor-size-default\">\"Quand l'imagination rencontre la modernit\u00e9\"<\/h2>\t\t\t\t<\/div>\n\t\t\t\t<\/div>\n\t\t\t\t<div class=\"elementor-element elementor-element-5c3f1f41 elementor-widget elementor-widget-heading\" data-id=\"5c3f1f41\" data-element_type=\"widget\" data-widget_type=\"heading.default\">\n\t\t\t\t<div class=\"elementor-widget-container\">\n\t\t\t\t\t<h3 class=\"elementor-heading-title elementor-size-default\">Eva Morel<\/h3>\t\t\t\t<\/div>\n\t\t\t\t<\/div>\n\t\t\t\t\t<\/div>\n\t\t<\/div>\n\t\t\t\t\t<\/div>\n\t\t<\/section>\n\t\t\t\t<\/div>\n\t\t","protected":false},"excerpt":{"rendered":"<p>MIRALUME Contact Laissez nous des avis, des commentaires sur Miralume, nos livres, notre philosophie&#8230; N&rsquo;h\u00e9sitez \u00e0 nous proposer des sujets de livres, des concepts, des approches, nous serons ravis d&rsquo;\u00e9changer avec vous. \u00ab\u00a0Quand l&rsquo;imagination rencontre la modernit\u00e9\u00a0\u00bb Eva Morel<\/p>","protected":false},"author":1,"featured_media":0,"parent":0,"menu_order":0,"comment_status":"closed","ping_status":"closed","template":"","meta":{"qubely_global_settings":"","qubely_interactions":"","_monsterinsights_skip_tracking":false,"_monsterinsights_sitenote_active":false,"_monsterinsights_sitenote_note":"","_monsterinsights_sitenote_category":0,"_kad_post_transparent":"","_kad_post_title":"hide","_kad_post_layout":"fullwidth","_kad_post_sidebar_id":"","_kad_post_content_style":"unboxed","_kad_post_vertical_padding":"hide","_kad_post_feature":"hide","_kad_post_feature_position":"","_kad_post_header":false,"_kad_post_footer":false,"_kad_post_classname":"","footnotes":""},"yoast_head":"<!-- This site is optimized with the Yoast SEO plugin v24.5 - https:\/\/yoast.com\/wordpress\/plugins\/seo\/ -->\n<title>Contact - MiraLume<\/title>\n<meta name=\"robots\" content=\"index, follow, max-snippet:-1, max-image-preview:large, max-video-preview:-1\" \/>\n<link rel=\"canonical\" href=\"https:\/\/miralume.com\/en\/contact\/\" \/>\n<meta property=\"og:locale\" content=\"en_US\" \/>\n<meta property=\"og:type\" content=\"article\" \/>\n<meta property=\"og:title\" content=\"Contact - MiraLume\" \/>\n<meta property=\"og:description\" content=\"MIRALUME Contact Laissez nous des avis, des commentaires sur Miralume, nos livres, notre philosophie&#8230; N&rsquo;h\u00e9sitez \u00e0 nous proposer des sujets de livres, des concepts, des approches, nous serons ravis d&rsquo;\u00e9changer avec vous. \u00ab\u00a0Quand l&rsquo;imagination rencontre la modernit\u00e9\u00a0\u00bb Eva Morel\" \/>\n<meta property=\"og:url\" content=\"https:\/\/miralume.com\/en\/contact\/\" \/>\n<meta property=\"og:site_name\" content=\"MiraLume\" \/>\n<meta property=\"article:publisher\" content=\"https:\/\/www.facebook.com\/MiraLumeBooks\/\" \/>\n<meta property=\"article:modified_time\" content=\"2024-03-02T12:54:54+00:00\" \/>\n<meta property=\"og:image\" content=\"https:\/\/miralume.com\/wp-content\/uploads\/2024\/02\/right-quote-2.png\" \/>\n<meta name=\"twitter:card\" content=\"summary_large_image\" \/>\n<meta name=\"twitter:label1\" content=\"Est. reading time\" \/>\n\t<meta name=\"twitter:data1\" content=\"1 minute\" \/>\n<script type=\"application\/ld+json\" class=\"yoast-schema-graph\">{\"@context\":\"https:\/\/schema.org\",\"@graph\":[{\"@type\":\"WebPage\",\"@id\":\"https:\/\/miralume.com\/contact\/\",\"url\":\"https:\/\/miralume.com\/contact\/\",\"name\":\"Contact - MiraLume\",\"isPartOf\":{\"@id\":\"https:\/\/miralume.com\/#website\"},\"primaryImageOfPage\":{\"@id\":\"https:\/\/miralume.com\/contact\/#primaryimage\"},\"image\":{\"@id\":\"https:\/\/miralume.com\/contact\/#primaryimage\"},\"thumbnailUrl\":\"https:\/\/miralume.com\/wp-content\/uploads\/2024\/02\/right-quote-2.png\",\"datePublished\":\"2024-02-27T15:35:26+00:00\",\"dateModified\":\"2024-03-02T12:54:54+00:00\",\"breadcrumb\":{\"@id\":\"https:\/\/miralume.com\/contact\/#breadcrumb\"},\"inLanguage\":\"en-US\",\"potentialAction\":[{\"@type\":\"ReadAction\",\"target\":[\"https:\/\/miralume.com\/contact\/\"]}]},{\"@type\":\"ImageObject\",\"inLanguage\":\"en-US\",\"@id\":\"https:\/\/miralume.com\/contact\/#primaryimage\",\"url\":\"https:\/\/miralume.com\/wp-content\/uploads\/2024\/02\/right-quote-2.png\",\"contentUrl\":\"https:\/\/miralume.com\/wp-content\/uploads\/2024\/02\/right-quote-2.png\"},{\"@type\":\"BreadcrumbList\",\"@id\":\"https:\/\/miralume.com\/contact\/#breadcrumb\",\"itemListElement\":[{\"@type\":\"ListItem\",\"position\":1,\"name\":\"Accueil\",\"item\":\"https:\/\/miralume.com\/\"},{\"@type\":\"ListItem\",\"position\":2,\"name\":\"Contact\"}]},{\"@type\":\"WebSite\",\"@id\":\"https:\/\/miralume.com\/#website\",\"url\":\"https:\/\/miralume.com\/\",\"name\":\"MiraLume\",\"description\":\"\",\"publisher\":{\"@id\":\"https:\/\/miralume.com\/#organization\"},\"potentialAction\":[{\"@type\":\"SearchAction\",\"target\":{\"@type\":\"EntryPoint\",\"urlTemplate\":\"https:\/\/miralume.com\/?s={search_term_string}\"},\"query-input\":{\"@type\":\"PropertyValueSpecification\",\"valueRequired\":true,\"valueName\":\"search_term_string\"}}],\"inLanguage\":\"en-US\"},{\"@type\":\"Organization\",\"@id\":\"https:\/\/miralume.com\/#organization\",\"name\":\"MiraLume\",\"url\":\"https:\/\/miralume.com\/\",\"logo\":{\"@type\":\"ImageObject\",\"inLanguage\":\"en-US\",\"@id\":\"https:\/\/miralume.com\/#\/schema\/logo\/image\/\",\"url\":\"https:\/\/miralume.com\/wp-content\/uploads\/2024\/02\/cropped-MiraLume_Logo.png\",\"contentUrl\":\"https:\/\/miralume.com\/wp-content\/uploads\/2024\/02\/cropped-MiraLume_Logo.png\",\"width\":1776,\"height\":860,\"caption\":\"MiraLume\"},\"image\":{\"@id\":\"https:\/\/miralume.com\/#\/schema\/logo\/image\/\"},\"sameAs\":[\"https:\/\/www.facebook.com\/MiraLumeBooks\/\",\"https:\/\/www.pinterest.fr\/MiraLume\/\"]}]}<\/script>\n<!-- \/ Yoast SEO plugin. -->","yoast_head_json":{"title":"Contact - MiraLume","robots":{"index":"index","follow":"follow","max-snippet":"max-snippet:-1","max-image-preview":"max-image-preview:large","max-video-preview":"max-video-preview:-1"},"canonical":"https:\/\/miralume.com\/en\/contact\/","og_locale":"en_US","og_type":"article","og_title":"Contact - MiraLume","og_description":"MIRALUME Contact Laissez nous des avis, des commentaires sur Miralume, nos livres, notre philosophie&#8230; N&rsquo;h\u00e9sitez \u00e0 nous proposer des sujets de livres, des concepts, des approches, nous serons ravis d&rsquo;\u00e9changer avec vous. \u00ab\u00a0Quand l&rsquo;imagination rencontre la modernit\u00e9\u00a0\u00bb Eva Morel","og_url":"https:\/\/miralume.com\/en\/contact\/","og_site_name":"MiraLume","article_publisher":"https:\/\/www.facebook.com\/MiraLumeBooks\/","article_modified_time":"2024-03-02T12:54:54+00:00","og_image":[{"url":"https:\/\/miralume.com\/wp-content\/uploads\/2024\/02\/right-quote-2.png","type":"","width":"","height":""}],"twitter_card":"summary_large_image","twitter_misc":{"Est. reading time":"1 minute"},"schema":{"@context":"https:\/\/schema.org","@graph":[{"@type":"WebPage","@id":"https:\/\/miralume.com\/contact\/","url":"https:\/\/miralume.com\/contact\/","name":"Contact - MiraLume","isPartOf":{"@id":"https:\/\/miralume.com\/#website"},"primaryImageOfPage":{"@id":"https:\/\/miralume.com\/contact\/#primaryimage"},"image":{"@id":"https:\/\/miralume.com\/contact\/#primaryimage"},"thumbnailUrl":"https:\/\/miralume.com\/wp-content\/uploads\/2024\/02\/right-quote-2.png","datePublished":"2024-02-27T15:35:26+00:00","dateModified":"2024-03-02T12:54:54+00:00","breadcrumb":{"@id":"https:\/\/miralume.com\/contact\/#breadcrumb"},"inLanguage":"en-US","potentialAction":[{"@type":"ReadAction","target":["https:\/\/miralume.com\/contact\/"]}]},{"@type":"ImageObject","inLanguage":"en-US","@id":"https:\/\/miralume.com\/contact\/#primaryimage","url":"https:\/\/miralume.com\/wp-content\/uploads\/2024\/02\/right-quote-2.png","contentUrl":"https:\/\/miralume.com\/wp-content\/uploads\/2024\/02\/right-quote-2.png"},{"@type":"BreadcrumbList","@id":"https:\/\/miralume.com\/contact\/#breadcrumb","itemListElement":[{"@type":"ListItem","position":1,"name":"Accueil","item":"https:\/\/miralume.com\/"},{"@type":"ListItem","position":2,"name":"Contact"}]},{"@type":"WebSite","@id":"https:\/\/miralume.com\/#website","url":"https:\/\/miralume.com\/","name":"MiraLume","description":"","publisher":{"@id":"https:\/\/miralume.com\/#organization"},"potentialAction":[{"@type":"SearchAction","target":{"@type":"EntryPoint","urlTemplate":"https:\/\/miralume.com\/?s={search_term_string}"},"query-input":{"@type":"PropertyValueSpecification","valueRequired":true,"valueName":"search_term_string"}}],"inLanguage":"en-US"},{"@type":"Organization","@id":"https:\/\/miralume.com\/#organization","name":"MiraLume","url":"https:\/\/miralume.com\/","logo":{"@type":"ImageObject","inLanguage":"en-US","@id":"https:\/\/miralume.com\/#\/schema\/logo\/image\/","url":"https:\/\/miralume.com\/wp-content\/uploads\/2024\/02\/cropped-MiraLume_Logo.png","contentUrl":"https:\/\/miralume.com\/wp-content\/uploads\/2024\/02\/cropped-MiraLume_Logo.png","width":1776,"height":860,"caption":"MiraLume"},"image":{"@id":"https:\/\/miralume.com\/#\/schema\/logo\/image\/"},"sameAs":["https:\/\/www.facebook.com\/MiraLumeBooks\/","https:\/\/www.pinterest.fr\/MiraLume\/"]}]}},"_links":{"self":[{"href":"https:\/\/miralume.com\/en\/wp-json\/wp\/v2\/pages\/250"}],"collection":[{"href":"https:\/\/miralume.com\/en\/wp-json\/wp\/v2\/pages"}],"about":[{"href":"https:\/\/miralume.com\/en\/wp-json\/wp\/v2\/types\/page"}],"author":[{"embeddable":true,"href":"https:\/\/miralume.com\/en\/wp-json\/wp\/v2\/users\/1"}],"replies":[{"embeddable":true,"href":"https:\/\/miralume.com\/en\/wp-json\/wp\/v2\/comments?post=250"}],"version-history":[{"count":37,"href":"https:\/\/miralume.com\/en\/wp-json\/wp\/v2\/pages\/250\/revisions"}],"predecessor-version":[{"id":734,"href":"https:\/\/miralume.com\/en\/wp-json\/wp\/v2\/pages\/250\/revisions\/734"}],"wp:attachment":[{"href":"https:\/\/miralume.com\/en\/wp-json\/wp\/v2\/media?parent=250"}],"curies":[{"name":"wp","href":"https:\/\/api.w.org\/{rel}","templated":true}]}}