{"id":145,"date":"2024-02-27T11:42:22","date_gmt":"2024-02-27T10:42:22","guid":{"rendered":"https:\/\/miralume.com\/?page_id=145"},"modified":"2024-03-08T10:47:50","modified_gmt":"2024-03-08T09:47:50","slug":"a-propos","status":"publish","type":"page","link":"https:\/\/miralume.com\/en\/a-propos\/","title":{"rendered":"About"},"content":{"rendered":"\t\t<div data-elementor-type=\"wp-page\" data-elementor-id=\"145\" class=\"elementor elementor-145\">\n\t\t\t\t\t\t<section class=\"elementor-section elementor-top-section elementor-element elementor-element-cb9edeb elementor-section-height-min-height elementor-reverse-mobile elementor-section-boxed elementor-section-height-default elementor-section-items-middle\" data-id=\"cb9edeb\" data-element_type=\"section\" data-settings=\"{&quot;background_background&quot;:&quot;classic&quot;}\">\n\t\t\t\t\t\t\t<div class=\"elementor-background-overlay\"><\/div>\n\t\t\t\t\t\t\t<div class=\"elementor-container elementor-column-gap-wider\">\n\t\t\t\t\t<div class=\"elementor-column elementor-col-100 elementor-top-column elementor-element elementor-element-b2daf3e\" data-id=\"b2daf3e\" data-element_type=\"column\">\n\t\t\t<div class=\"elementor-widget-wrap\">\n\t\t\t\t\t\t\t<\/div>\n\t\t<\/div>\n\t\t\t\t\t<\/div>\n\t\t<\/section>\n\t\t<div class=\"elementor-element elementor-element-e77dd52 e-flex e-con-boxed e-con e-parent\" data-id=\"e77dd52\" data-element_type=\"container\">\n\t\t\t\t\t<div class=\"e-con-inner\">\n\t\t<div class=\"elementor-element elementor-element-6a6c424c e-con-full e-flex e-con e-child\" data-id=\"6a6c424c\" data-element_type=\"container\">\n\t\t\t\t<div class=\"elementor-element elementor-element-68db441d elementor-widget elementor-widget-heading\" data-id=\"68db441d\" data-element_type=\"widget\" data-widget_type=\"heading.default\">\n\t\t\t\t<div class=\"elementor-widget-container\">\n\t\t\t\t\t<h2 class=\"elementor-heading-title elementor-size-default\">Rejoignez notre Newsletter<br>et recevez en cadeau notre Best Seller<\/h2>\t\t\t\t<\/div>\n\t\t\t\t<\/div>\n\t\t\t\t<\/div>\n\t\t<div class=\"elementor-element elementor-element-1a3803bc e-con-full e-flex e-con e-child\" data-id=\"1a3803bc\" data-element_type=\"container\">\n\t\t\t\t<div class=\"elementor-element elementor-element-54188d04 elementor-align-center fa elementor-widget elementor-widget-button\" data-id=\"54188d04\" data-element_type=\"widget\" data-widget_type=\"button.default\">\n\t\t\t\t<div class=\"elementor-widget-container\">\n\t\t\t\t\t\t\t\t\t<div class=\"elementor-button-wrapper\">\n\t\t\t\t\t<a class=\"elementor-button elementor-button-link elementor-size-md elementor-animation-float\" href=\"https:\/\/www.miralumenews.com\/newsletter\">\n\t\t\t\t\t\t<span class=\"elementor-button-content-wrapper\">\n\t\t\t\t\t\t\t\t\t<span class=\"elementor-button-text\">Inscrivez-vous<\/span>\n\t\t\t\t\t<\/span>\n\t\t\t\t\t<\/a>\n\t\t\t\t<\/div>\n\t\t\t\t\t\t\t\t<\/div>\n\t\t\t\t<\/div>\n\t\t\t\t<\/div>\n\t\t<div class=\"elementor-element elementor-element-4aa1e2c7 e-con-full e-flex e-con e-child\" data-id=\"4aa1e2c7\" data-element_type=\"container\">\n\t\t\t\t<div class=\"elementor-element elementor-element-593de15f elementor-widget elementor-widget-shortcode\" data-id=\"593de15f\" data-element_type=\"widget\" data-widget_type=\"shortcode.default\">\n\t\t\t\t<div class=\"elementor-widget-container\">\n\t\t\t\t\t\t\t<div class=\"elementor-shortcode\"><div class=\"trp_language_switcher_shortcode\">\n<div class=\"trp-language-switcher trp-language-switcher-container\" data-no-translation >\n    <div class=\"trp-ls-shortcode-current-language\">\n        <a href=\"#\" class=\"trp-ls-shortcode-disabled-language trp-ls-disabled-language\" title=\"English\" onclick=\"event.preventDefault()\">\n\t\t\t<img decoding=\"async\" class=\"trp-flag-image\" src=\"https:\/\/miralume.com\/wp-content\/plugins\/translatepress-multilingual\/assets\/images\/flags\/en_US.png\" width=\"18\" height=\"12\" alt=\"en_US\" title=\"English\"> \t\t<\/a>\n    <\/div>\n    <div class=\"trp-ls-shortcode-language\">\n                <a href=\"#\" class=\"trp-ls-shortcode-disabled-language trp-ls-disabled-language\"  title=\"English\" onclick=\"event.preventDefault()\">\n\t\t\t<img decoding=\"async\" class=\"trp-flag-image\" src=\"https:\/\/miralume.com\/wp-content\/plugins\/translatepress-multilingual\/assets\/images\/flags\/en_US.png\" width=\"18\" height=\"12\" alt=\"en_US\" title=\"English\"> \t\t<\/a>\n                    <a href=\"https:\/\/miralume.com\/en\/wp-json\/wp\/v2\/pages\/145#TRPLINKPROCESSED\" title=\"Fran\u00e7ais\">\n            <img decoding=\"async\" class=\"trp-flag-image\" src=\"https:\/\/miralume.com\/wp-content\/plugins\/translatepress-multilingual\/assets\/images\/flags\/fr_FR.png\" width=\"18\" height=\"12\" alt=\"fr_FR\" title=\"Fran\u00e7ais\">         <\/a>\n\n        <\/div>\n    <script type=\"application\/javascript\">\n        \/\/ need to have the same with set from JS on both divs. Otherwise it can push stuff around in HTML\n        var trp_ls_shortcodes = document.querySelectorAll('.trp_language_switcher_shortcode .trp-language-switcher');\n        if ( trp_ls_shortcodes.length > 0) {\n            \/\/ get the last language switcher added\n            var trp_el = trp_ls_shortcodes[trp_ls_shortcodes.length - 1];\n\n            var trp_shortcode_language_item = trp_el.querySelector( '.trp-ls-shortcode-language' )\n            \/\/ set width\n            var trp_ls_shortcode_width                                               = trp_shortcode_language_item.offsetWidth + 16;\n            trp_shortcode_language_item.style.width                                  = trp_ls_shortcode_width + 'px';\n            trp_el.querySelector( '.trp-ls-shortcode-current-language' ).style.width = trp_ls_shortcode_width + 'px';\n\n            \/\/ We're putting this on display: none after we have its width.\n            trp_shortcode_language_item.style.display = 'none';\n        }\n    <\/script>\n<\/div>\n<\/div><\/div>\n\t\t\t\t\t\t<\/div>\n\t\t\t\t<\/div>\n\t\t\t\t<\/div>\n\t\t\t\t\t<\/div>\n\t\t\t\t<\/div>\n\t\t\t\t<section class=\"elementor-section elementor-top-section elementor-element elementor-element-2366ab6 elementor-section-boxed elementor-section-height-default elementor-section-height-default\" data-id=\"2366ab6\" data-element_type=\"section\" data-settings=\"{&quot;background_background&quot;:&quot;classic&quot;}\">\n\t\t\t\t\t\t\t<div class=\"elementor-background-overlay\"><\/div>\n\t\t\t\t\t\t\t<div class=\"elementor-container elementor-column-gap-default\">\n\t\t\t\t\t<div class=\"elementor-column elementor-col-100 elementor-top-column elementor-element elementor-element-1cee762\" data-id=\"1cee762\" data-element_type=\"column\">\n\t\t\t<div class=\"elementor-widget-wrap elementor-element-populated\">\n\t\t\t\t\t\t<div class=\"elementor-element elementor-element-b28031c elementor-widget elementor-widget-heading\" data-id=\"b28031c\" data-element_type=\"widget\" data-widget_type=\"heading.default\">\n\t\t\t\t<div class=\"elementor-widget-container\">\n\t\t\t\t\t<h3 class=\"elementor-heading-title elementor-size-default\">MIRALUME<\/h3>\t\t\t\t<\/div>\n\t\t\t\t<\/div>\n\t\t\t\t<div class=\"elementor-element elementor-element-16a1cbd elementor-widget elementor-widget-heading\" data-id=\"16a1cbd\" data-element_type=\"widget\" data-widget_type=\"heading.default\">\n\t\t\t\t<div class=\"elementor-widget-container\">\n\t\t\t\t\t<h2 class=\"elementor-heading-title elementor-size-default\">A propos de Miralume<\/h2>\t\t\t\t<\/div>\n\t\t\t\t<\/div>\n\t\t\t\t<div class=\"elementor-element elementor-element-55baab1 elementor-widget elementor-widget-text-editor\" data-id=\"55baab1\" data-element_type=\"widget\" data-widget_type=\"text-editor.default\">\n\t\t\t\t<div class=\"elementor-widget-container\">\n\t\t\t\t\t\t\t\t\t<p>Bienvenue dans l&rsquo;univers de <strong>MiraLume<\/strong>, qui red\u00e9finit la litt\u00e9rature jeunesse pour les nouvelles g\u00e9n\u00e9rations. Au c\u0153ur de notre mission, r\u00e9side la passion d&rsquo;insuffler vie \u00e0 des histoires captivantes, en embrassant les avanc\u00e9es de notre \u00e9poque et en enrichissant l&rsquo;exp\u00e9rience de lecture avec des perspectives multiculturelles \u00e0 travers des livres bilingues notamment. Chez <strong>MiraLume<\/strong>, nous croyons en la fusion entre la magie des r\u00e9cits intemporels, les possibilit\u00e9s infinies offertes par la technologie contemporaine et l&rsquo;importance de l&rsquo;apprentissage multilingue, cr\u00e9ant ainsi des livres qui sont \u00e0 la fois enchanteurs, r\u00e9solument modernes et \u00e9ducatifs.<\/p><p>Nos publications sont soigneusement con\u00e7ues pour illuminer l&rsquo;esprit des jeunes lecteurs, leur offrant des aventures qui stimulent leur curiosit\u00e9, encouragent leur soif d&rsquo;apprendre et les introduisent aux plaisirs de la d\u00e9couverte linguistique. Chaque livre est un voyage, une exploration qui touche au divertissement, \u00e0 l&rsquo;\u00e9ducation, \u00e0 l&rsquo;\u00e9veil \u00e9motionnel, \u00e0 la compr\u00e9hension de soi, ainsi qu\u2019\u00e0 l&rsquo;immersion dans de nouvelles cultures et langues.<\/p><p><strong>MiraLume<\/strong> s&rsquo;engage \u00e9galement \u00e0 pr\u00e9senter des \u0153uvres qui ouvrent les jeunes esprits aux merveilles des sciences et de l&rsquo;art, expliqu\u00e9es de mani\u00e8re accessible et engageante. Nous aspirons \u00e0 \u00e9veiller une passion pr\u00e9coce pour la d\u00e9couverte scientifique et la cr\u00e9ativit\u00e9 artistique, contribuant ainsi au d\u00e9veloppement global de l&rsquo;enfant.<\/p><p>Nos livres bilingues et th\u00e9matiques sont des ponts vers la connaissance, con\u00e7us pour respecter et refl\u00e9ter la complexit\u00e9 de la psychologie de l&rsquo;enfant et pour stimuler leur intelligence \u00e9motionnelle et cognitive.<\/p><p>Conscients de l&rsquo;impact profond que la litt\u00e9rature peut avoir sur les jeunes esprits, nous investissons dans la cr\u00e9ation d&rsquo;un espace de dialogue et de partage de connaissances \u00e0 travers notre blog d\u00e9di\u00e9. Cet espace en ligne est un prolongement de notre engagement \u00e9ditorial, o\u00f9 experts, auteurs, parents et \u00e9ducateurs se rencontrent pour explorer ensemble les d\u00e9fis et les joies de l&rsquo;\u00e9ducation moderne. Nos articles de blog abordent une diversit\u00e9 de sujets, des derni\u00e8res recherches en psychologie enfantine, aux astuces pour encourager la lecture bilingue, en passant par des introductions ludiques aux sciences et \u00e0 l&rsquo;art pour les enfants.<\/p><p>Rejoignez la communaut\u00e9 <strong>MiraLume<\/strong> pour d\u00e9couvrir des livres qui \u00e9veillent l&rsquo;imagination, enrichissent les connaissances, c\u00e9l\u00e8brent la cr\u00e9ativit\u00e9, et ouvrent les portes sur un monde riche de cultures et de savoirs.<\/p><p>Ensemble, \u00e9crivons les chapitres enchanteurs des r\u00eaves de nos enfants, en leur offrant des cl\u00e9s pour comprendre le monde qui les entoure, pour se construire un avenir lumineux et pour devenir des citoyens du monde \u00e9clair\u00e9s et curieux.<\/p>\t\t\t\t\t\t\t\t<\/div>\n\t\t\t\t<\/div>\n\t\t\t\t\t<\/div>\n\t\t<\/div>\n\t\t\t\t\t<\/div>\n\t\t<\/section>\n\t\t\t\t<section class=\"elementor-section elementor-top-section elementor-element elementor-element-307f717 elementor-section-boxed elementor-section-height-default elementor-section-height-default\" data-id=\"307f717\" data-element_type=\"section\">\n\t\t\t\t\t\t<div class=\"elementor-container elementor-column-gap-default\">\n\t\t\t\t\t<div class=\"elementor-column elementor-col-100 elementor-top-column elementor-element elementor-element-0854de5\" data-id=\"0854de5\" data-element_type=\"column\">\n\t\t\t<div class=\"elementor-widget-wrap\">\n\t\t\t\t\t\t\t<\/div>\n\t\t<\/div>\n\t\t\t\t\t<\/div>\n\t\t<\/section>\n\t\t\t\t<section class=\"elementor-section elementor-top-section elementor-element elementor-element-4c185649 elementor-section-height-min-height elementor-section-boxed elementor-section-height-default elementor-section-items-middle\" data-id=\"4c185649\" data-element_type=\"section\" data-settings=\"{&quot;background_background&quot;:&quot;classic&quot;}\">\n\t\t\t\t\t\t\t<div class=\"elementor-background-overlay\"><\/div>\n\t\t\t\t\t\t\t<div class=\"elementor-container elementor-column-gap-default\">\n\t\t\t\t\t<div class=\"elementor-column elementor-col-100 elementor-top-column elementor-element elementor-element-e46af90\" data-id=\"e46af90\" data-element_type=\"column\">\n\t\t\t<div class=\"elementor-widget-wrap elementor-element-populated\">\n\t\t\t\t\t\t<div class=\"elementor-element elementor-element-707acea3 elementor-widget elementor-widget-image\" data-id=\"707acea3\" data-element_type=\"widget\" data-widget_type=\"image.default\">\n\t\t\t\t<div class=\"elementor-widget-container\">\n\t\t\t\t\t\t\t\t\t\t\t\t\t\t\t<img fetchpriority=\"high\" decoding=\"async\" width=\"512\" height=\"512\" src=\"https:\/\/miralume.com\/wp-content\/uploads\/2024\/02\/right-quote-2.png\" class=\"attachment-large size-large wp-image-57\" alt=\"\" srcset=\"https:\/\/miralume.com\/wp-content\/uploads\/2024\/02\/right-quote-2.png 512w, https:\/\/miralume.com\/wp-content\/uploads\/2024\/02\/right-quote-2-300x300.png 300w, https:\/\/miralume.com\/wp-content\/uploads\/2024\/02\/right-quote-2-150x150.png 150w\" sizes=\"(max-width: 512px) 100vw, 512px\" \/>\t\t\t\t\t\t\t\t\t\t\t\t\t\t\t<\/div>\n\t\t\t\t<\/div>\n\t\t\t\t<div class=\"elementor-element elementor-element-17a45f6d elementor-widget elementor-widget-heading\" data-id=\"17a45f6d\" data-element_type=\"widget\" data-widget_type=\"heading.default\">\n\t\t\t\t<div class=\"elementor-widget-container\">\n\t\t\t\t\t<h2 class=\"elementor-heading-title elementor-size-default\">\"Ensemble, \u00e9crivons les chapitres enchanteurs des r\u00eaves de nos enfants, en leur offrant des cl\u00e9s pour comprendre le monde qui les entoure, pour se construire un avenir lumineux et pour devenir des citoyens du monde \u00e9clair\u00e9s et curieux.\"<\/h2>\t\t\t\t<\/div>\n\t\t\t\t<\/div>\n\t\t\t\t<div class=\"elementor-element elementor-element-5c3f1f41 elementor-widget elementor-widget-heading\" data-id=\"5c3f1f41\" data-element_type=\"widget\" data-widget_type=\"heading.default\">\n\t\t\t\t<div class=\"elementor-widget-container\">\n\t\t\t\t\t<h3 class=\"elementor-heading-title elementor-size-default\">Eva Morel<\/h3>\t\t\t\t<\/div>\n\t\t\t\t<\/div>\n\t\t\t\t\t<\/div>\n\t\t<\/div>\n\t\t\t\t\t<\/div>\n\t\t<\/section>\n\t\t\t\t<\/div>\n\t\t","protected":false},"excerpt":{"rendered":"<p>Rejoignez notre Newsletteret recevez en cadeau notre Best Seller Inscrivez-vous MIRALUME A propos de Miralume Bienvenue dans l&rsquo;univers de MiraLume, qui red\u00e9finit la litt\u00e9rature jeunesse pour les nouvelles g\u00e9n\u00e9rations. Au c\u0153ur de notre mission, r\u00e9side la passion d&rsquo;insuffler vie \u00e0 des histoires captivantes, en embrassant les avanc\u00e9es de notre \u00e9poque et en enrichissant l&rsquo;exp\u00e9rience de&#8230;<\/p>","protected":false},"author":1,"featured_media":0,"parent":0,"menu_order":0,"comment_status":"closed","ping_status":"closed","template":"","meta":{"qubely_global_settings":"","qubely_interactions":"","_monsterinsights_skip_tracking":false,"_monsterinsights_sitenote_active":false,"_monsterinsights_sitenote_note":"","_monsterinsights_sitenote_category":0,"_kad_post_transparent":"","_kad_post_title":"hide","_kad_post_layout":"fullwidth","_kad_post_sidebar_id":"","_kad_post_content_style":"unboxed","_kad_post_vertical_padding":"hide","_kad_post_feature":"hide","_kad_post_feature_position":"","_kad_post_header":false,"_kad_post_footer":false,"_kad_post_classname":"","footnotes":""},"yoast_head":"<!-- This site is optimized with the Yoast SEO plugin v24.5 - https:\/\/yoast.com\/wordpress\/plugins\/seo\/ -->\n<title>A propos - MiraLume<\/title>\n<meta name=\"robots\" content=\"index, follow, max-snippet:-1, max-image-preview:large, max-video-preview:-1\" \/>\n<link rel=\"canonical\" href=\"https:\/\/miralume.com\/en\/a-propos\/\" \/>\n<meta property=\"og:locale\" content=\"en_US\" \/>\n<meta property=\"og:type\" content=\"article\" \/>\n<meta property=\"og:title\" content=\"A propos - MiraLume\" \/>\n<meta property=\"og:description\" content=\"Rejoignez notre Newsletteret recevez en cadeau notre Best Seller Inscrivez-vous MIRALUME A propos de Miralume Bienvenue dans l&rsquo;univers de MiraLume, qui red\u00e9finit la litt\u00e9rature jeunesse pour les nouvelles g\u00e9n\u00e9rations. Au c\u0153ur de notre mission, r\u00e9side la passion d&rsquo;insuffler vie \u00e0 des histoires captivantes, en embrassant les avanc\u00e9es de notre \u00e9poque et en enrichissant l&rsquo;exp\u00e9rience de...\" \/>\n<meta property=\"og:url\" content=\"https:\/\/miralume.com\/en\/a-propos\/\" \/>\n<meta property=\"og:site_name\" content=\"MiraLume\" \/>\n<meta property=\"article:publisher\" content=\"https:\/\/www.facebook.com\/MiraLumeBooks\/\" \/>\n<meta property=\"article:modified_time\" content=\"2024-03-08T09:47:50+00:00\" \/>\n<meta property=\"og:image\" content=\"https:\/\/miralume.com\/wp-content\/uploads\/2024\/02\/right-quote-2.png\" \/>\n<meta name=\"twitter:card\" content=\"summary_large_image\" \/>\n<meta name=\"twitter:label1\" content=\"Est. reading time\" \/>\n\t<meta name=\"twitter:data1\" content=\"3 minutes\" \/>\n<script type=\"application\/ld+json\" class=\"yoast-schema-graph\">{\"@context\":\"https:\/\/schema.org\",\"@graph\":[{\"@type\":\"WebPage\",\"@id\":\"https:\/\/miralume.com\/a-propos\/\",\"url\":\"https:\/\/miralume.com\/a-propos\/\",\"name\":\"A propos - MiraLume\",\"isPartOf\":{\"@id\":\"https:\/\/miralume.com\/#website\"},\"primaryImageOfPage\":{\"@id\":\"https:\/\/miralume.com\/a-propos\/#primaryimage\"},\"image\":{\"@id\":\"https:\/\/miralume.com\/a-propos\/#primaryimage\"},\"thumbnailUrl\":\"https:\/\/miralume.com\/wp-content\/uploads\/2024\/02\/right-quote-2.png\",\"datePublished\":\"2024-02-27T10:42:22+00:00\",\"dateModified\":\"2024-03-08T09:47:50+00:00\",\"breadcrumb\":{\"@id\":\"https:\/\/miralume.com\/a-propos\/#breadcrumb\"},\"inLanguage\":\"en-US\",\"potentialAction\":[{\"@type\":\"ReadAction\",\"target\":[\"https:\/\/miralume.com\/a-propos\/\"]}]},{\"@type\":\"ImageObject\",\"inLanguage\":\"en-US\",\"@id\":\"https:\/\/miralume.com\/a-propos\/#primaryimage\",\"url\":\"https:\/\/miralume.com\/wp-content\/uploads\/2024\/02\/right-quote-2.png\",\"contentUrl\":\"https:\/\/miralume.com\/wp-content\/uploads\/2024\/02\/right-quote-2.png\"},{\"@type\":\"BreadcrumbList\",\"@id\":\"https:\/\/miralume.com\/a-propos\/#breadcrumb\",\"itemListElement\":[{\"@type\":\"ListItem\",\"position\":1,\"name\":\"Accueil\",\"item\":\"https:\/\/miralume.com\/\"},{\"@type\":\"ListItem\",\"position\":2,\"name\":\"A propos\"}]},{\"@type\":\"WebSite\",\"@id\":\"https:\/\/miralume.com\/#website\",\"url\":\"https:\/\/miralume.com\/\",\"name\":\"MiraLume\",\"description\":\"\",\"publisher\":{\"@id\":\"https:\/\/miralume.com\/#organization\"},\"potentialAction\":[{\"@type\":\"SearchAction\",\"target\":{\"@type\":\"EntryPoint\",\"urlTemplate\":\"https:\/\/miralume.com\/?s={search_term_string}\"},\"query-input\":{\"@type\":\"PropertyValueSpecification\",\"valueRequired\":true,\"valueName\":\"search_term_string\"}}],\"inLanguage\":\"en-US\"},{\"@type\":\"Organization\",\"@id\":\"https:\/\/miralume.com\/#organization\",\"name\":\"MiraLume\",\"url\":\"https:\/\/miralume.com\/\",\"logo\":{\"@type\":\"ImageObject\",\"inLanguage\":\"en-US\",\"@id\":\"https:\/\/miralume.com\/#\/schema\/logo\/image\/\",\"url\":\"https:\/\/miralume.com\/wp-content\/uploads\/2024\/02\/cropped-MiraLume_Logo.png\",\"contentUrl\":\"https:\/\/miralume.com\/wp-content\/uploads\/2024\/02\/cropped-MiraLume_Logo.png\",\"width\":1776,\"height\":860,\"caption\":\"MiraLume\"},\"image\":{\"@id\":\"https:\/\/miralume.com\/#\/schema\/logo\/image\/\"},\"sameAs\":[\"https:\/\/www.facebook.com\/MiraLumeBooks\/\",\"https:\/\/www.pinterest.fr\/MiraLume\/\"]}]}<\/script>\n<!-- \/ Yoast SEO plugin. -->","yoast_head_json":{"title":"A propos - MiraLume","robots":{"index":"index","follow":"follow","max-snippet":"max-snippet:-1","max-image-preview":"max-image-preview:large","max-video-preview":"max-video-preview:-1"},"canonical":"https:\/\/miralume.com\/en\/a-propos\/","og_locale":"en_US","og_type":"article","og_title":"A propos - MiraLume","og_description":"Rejoignez notre Newsletteret recevez en cadeau notre Best Seller Inscrivez-vous MIRALUME A propos de Miralume Bienvenue dans l&rsquo;univers de MiraLume, qui red\u00e9finit la litt\u00e9rature jeunesse pour les nouvelles g\u00e9n\u00e9rations. Au c\u0153ur de notre mission, r\u00e9side la passion d&rsquo;insuffler vie \u00e0 des histoires captivantes, en embrassant les avanc\u00e9es de notre \u00e9poque et en enrichissant l&rsquo;exp\u00e9rience de...","og_url":"https:\/\/miralume.com\/en\/a-propos\/","og_site_name":"MiraLume","article_publisher":"https:\/\/www.facebook.com\/MiraLumeBooks\/","article_modified_time":"2024-03-08T09:47:50+00:00","og_image":[{"url":"https:\/\/miralume.com\/wp-content\/uploads\/2024\/02\/right-quote-2.png","type":"","width":"","height":""}],"twitter_card":"summary_large_image","twitter_misc":{"Est. reading time":"3 minutes"},"schema":{"@context":"https:\/\/schema.org","@graph":[{"@type":"WebPage","@id":"https:\/\/miralume.com\/a-propos\/","url":"https:\/\/miralume.com\/a-propos\/","name":"A propos - MiraLume","isPartOf":{"@id":"https:\/\/miralume.com\/#website"},"primaryImageOfPage":{"@id":"https:\/\/miralume.com\/a-propos\/#primaryimage"},"image":{"@id":"https:\/\/miralume.com\/a-propos\/#primaryimage"},"thumbnailUrl":"https:\/\/miralume.com\/wp-content\/uploads\/2024\/02\/right-quote-2.png","datePublished":"2024-02-27T10:42:22+00:00","dateModified":"2024-03-08T09:47:50+00:00","breadcrumb":{"@id":"https:\/\/miralume.com\/a-propos\/#breadcrumb"},"inLanguage":"en-US","potentialAction":[{"@type":"ReadAction","target":["https:\/\/miralume.com\/a-propos\/"]}]},{"@type":"ImageObject","inLanguage":"en-US","@id":"https:\/\/miralume.com\/a-propos\/#primaryimage","url":"https:\/\/miralume.com\/wp-content\/uploads\/2024\/02\/right-quote-2.png","contentUrl":"https:\/\/miralume.com\/wp-content\/uploads\/2024\/02\/right-quote-2.png"},{"@type":"BreadcrumbList","@id":"https:\/\/miralume.com\/a-propos\/#breadcrumb","itemListElement":[{"@type":"ListItem","position":1,"name":"Accueil","item":"https:\/\/miralume.com\/"},{"@type":"ListItem","position":2,"name":"A propos"}]},{"@type":"WebSite","@id":"https:\/\/miralume.com\/#website","url":"https:\/\/miralume.com\/","name":"MiraLume","description":"","publisher":{"@id":"https:\/\/miralume.com\/#organization"},"potentialAction":[{"@type":"SearchAction","target":{"@type":"EntryPoint","urlTemplate":"https:\/\/miralume.com\/?s={search_term_string}"},"query-input":{"@type":"PropertyValueSpecification","valueRequired":true,"valueName":"search_term_string"}}],"inLanguage":"en-US"},{"@type":"Organization","@id":"https:\/\/miralume.com\/#organization","name":"MiraLume","url":"https:\/\/miralume.com\/","logo":{"@type":"ImageObject","inLanguage":"en-US","@id":"https:\/\/miralume.com\/#\/schema\/logo\/image\/","url":"https:\/\/miralume.com\/wp-content\/uploads\/2024\/02\/cropped-MiraLume_Logo.png","contentUrl":"https:\/\/miralume.com\/wp-content\/uploads\/2024\/02\/cropped-MiraLume_Logo.png","width":1776,"height":860,"caption":"MiraLume"},"image":{"@id":"https:\/\/miralume.com\/#\/schema\/logo\/image\/"},"sameAs":["https:\/\/www.facebook.com\/MiraLumeBooks\/","https:\/\/www.pinterest.fr\/MiraLume\/"]}]}},"_links":{"self":[{"href":"https:\/\/miralume.com\/en\/wp-json\/wp\/v2\/pages\/145"}],"collection":[{"href":"https:\/\/miralume.com\/en\/wp-json\/wp\/v2\/pages"}],"about":[{"href":"https:\/\/miralume.com\/en\/wp-json\/wp\/v2\/types\/page"}],"author":[{"embeddable":true,"href":"https:\/\/miralume.com\/en\/wp-json\/wp\/v2\/users\/1"}],"replies":[{"embeddable":true,"href":"https:\/\/miralume.com\/en\/wp-json\/wp\/v2\/comments?post=145"}],"version-history":[{"count":43,"href":"https:\/\/miralume.com\/en\/wp-json\/wp\/v2\/pages\/145\/revisions"}],"predecessor-version":[{"id":830,"href":"https:\/\/miralume.com\/en\/wp-json\/wp\/v2\/pages\/145\/revisions\/830"}],"wp:attachment":[{"href":"https:\/\/miralume.com\/en\/wp-json\/wp\/v2\/media?parent=145"}],"curies":[{"name":"wp","href":"https:\/\/api.w.org\/{rel}","templated":true}]}}